{"id":5041,"date":"2026-05-07T18:45:28","date_gmt":"2026-05-07T16:45:28","guid":{"rendered":"https:\/\/www.anesilab.com\/?post_type=product&#038;p=5041"},"modified":"2026-05-11T10:54:12","modified_gmt":"2026-05-11T08:54:12","slug":"blemish-control-treatment-2","status":"publish","type":"product","link":"https:\/\/www.anesilab.com\/es\/producto\/blemish-control-treatment-2\/","title":{"rendered":"Blemish Control Treatment"},"content":{"rendered":"[vc_row type=\u00bbin_container\u00bb full_screen_row_position=\u00bbmiddle\u00bb column_margin=\u00bbdefault\u00bb column_direction=\u00bbdefault\u00bb column_direction_tablet=\u00bbdefault\u00bb column_direction_phone=\u00bbdefault\u00bb scene_position=\u00bbcenter\u00bb text_color=\u00bbdark\u00bb text_align=\u00bbleft\u00bb row_border_radius=\u00bbnone\u00bb row_border_radius_applies=\u00bbbg\u00bb row_position_desktop=\u00bbdefault\u00bb row_position_tablet=\u00bbinherit\u00bb row_position_phone=\u00bbinherit\u00bb overflow=\u00bbvisible\u00bb overlay_strength=\u00bb0.3&#8243; gradient_direction=\u00bbleft_to_right\u00bb shape_divider_position=\u00bbbottom\u00bb bg_image_animation=\u00bbnone\u00bb gradient_type=\u00bbdefault\u00bb shape_type=\u00bb\u00bb][vc_column column_padding=\u00bbno-extra-padding\u00bb column_padding_tablet=\u00bbinherit\u00bb column_padding_phone=\u00bbinherit\u00bb column_padding_position=\u00bball\u00bb flex_gap_desktop=\u00bb10px\u00bb column_element_direction_desktop=\u00bbdefault\u00bb column_element_spacing=\u00bbdefault\u00bb desktop_text_alignment=\u00bbcenter\u00bb tablet_text_alignment=\u00bbdefault\u00bb phone_text_alignment=\u00bbdefault\u00bb background_color_opacity=\u00bb1&#8243; background_hover_color_opacity=\u00bb1&#8243; column_backdrop_filter=\u00bbnone\u00bb column_shadow=\u00bbnone\u00bb column_border_radius=\u00bbnone\u00bb column_link_target=\u00bb_self\u00bb column_position=\u00bbdefault\u00bb gradient_direction=\u00bbleft_to_right\u00bb overlay_strength=\u00bb0.3&#8243; width=\u00bb1\/1&#8243; tablet_width_inherit=\u00bbdefault\u00bb animation_type=\u00bbdefault\u00bb bg_image_animation=\u00bbnone\u00bb border_type=\u00bbsimple\u00bb column_border_width=\u00bbnone\u00bb column_border_style=\u00bbsolid\u00bb column_padding_type=\u00bbdefault\u00bb gradient_type=\u00bbdefault\u00bb][tabbed_section style=\u00bbmaterial\u00bb tab_change_animation=\u00bbfade\u00bb alignment=\u00bbcenter\u00bb spacing=\u00bbside-20px\u00bb tab_color=\u00bbAccent-Color\u00bb vs_content_animation=\u00bbfade\u00bb vs_link_animation=\u00bbopacity\u00bb vs_navigation_alignment=\u00bbleft\u00bb vs_navigation_width_2=\u00bb25%\u00bb vs_navigation_func=\u00bbdefault\u00bb vs_navigation_width=\u00bbregular\u00bb vs_navigation_spacing=\u00bb15px\u00bb vs_navigation_mobile_display=\u00bbvisible\u00bb vs_tab_spacing=\u00bb5%\u00bb icon_size=\u00bb24&#8243; el_class=\u00bbtabs-bene-ingre-recyc\u00bb][tab icon_family=\u00bbnone\u00bb title=\u00bbBENEFICIOS\u00bb id=\u00bb1778172333845-6&#8243; tab_id=\u00bb1778172333846-2&#8243;][vc_column_text css=\u00bb\u00bb text_direction=\u00bbdefault\u00bb]\n<ul>\n<li>Ayuda a eliminar r\u00e1pidamente las imperfecciones<\/li>\n<li>Ayuda a desobstruir los poros<\/li>\n<li>Act\u00faa sobre las lesiones acneicas<\/li>\n<\/ul>\n[\/vc_column_text][\/tab][tab icon_family=\u00bbnone\u00bb title=\u00bbINGREDIENTES\u00bb id=\u00bb1778172333864-10&#8243; tab_id=\u00bb1778172333864-2&#8243;][vc_column_text css=\u00bb\u00bb text_direction=\u00bbdefault\u00bb]\n<p style=\"text-align: center;\"><strong>\u00c1cido Salic\u00edlico:<\/strong> Su potente concentraci\u00f3n desobstruye los poros e inhibe las bacterias causantes del acn\u00e9.<strong><br \/>\n\u00c1cido Ag\u00e1rico:<\/strong> Astringente natural que ayuda a cerrar los poros y mejorar la textura de la piel.<br \/>\n<strong>Esp\u00edculas de Spongilla:<\/strong> Crean microcanales que potencian la penetraci\u00f3n de los ingredientes activos para resultados r\u00e1pidos.<br \/>\n<strong>Alanto\u00edna<\/strong>: Aporta hidrataci\u00f3n calmante y favorece la exfoliaci\u00f3n cut\u00e1nea.<\/p>\n[\/vc_column_text][\/tab][\/tabbed_section][\/vc_column][\/vc_row]\n","protected":false},"excerpt":{"rendered":"<p>Gel-serum especializado con bio-microagujas que ayuda a eliminar r\u00e1pidamente granos e imperfecciones de tipo acneico. Tratamiento localizado y espec\u00edfico para combatir y prevenir todo tipo de imperfecciones y obstrucciones. <\/p>\n<hr>\n<p>Tubo : 15 ml<\/p>\n<hr>\n","protected":false},"featured_media":5059,"template":"","meta":{"_acf_changed":false},"product_brand":[],"product_cat":[139,109],"product_tag":[],"class_list":{"0":"post-5041","1":"product","2":"type-product","3":"status-publish","4":"has-post-thumbnail","6":"product_cat-cuidado-en-casa","7":"product_cat-dermo-control-es","9":"first","10":"instock","11":"shipping-taxable","12":"product-type-simple"},"acf":[],"_links":{"self":[{"href":"https:\/\/www.anesilab.com\/es\/wp-json\/wp\/v2\/product\/5041","targetHints":{"allow":["GET"]}}],"collection":[{"href":"https:\/\/www.anesilab.com\/es\/wp-json\/wp\/v2\/product"}],"about":[{"href":"https:\/\/www.anesilab.com\/es\/wp-json\/wp\/v2\/types\/product"}],"wp:featuredmedia":[{"embeddable":true,"href":"https:\/\/www.anesilab.com\/es\/wp-json\/wp\/v2\/media\/5059"}],"wp:attachment":[{"href":"https:\/\/www.anesilab.com\/es\/wp-json\/wp\/v2\/media?parent=5041"}],"wp:term":[{"taxonomy":"product_brand","embeddable":true,"href":"https:\/\/www.anesilab.com\/es\/wp-json\/wp\/v2\/product_brand?post=5041"},{"taxonomy":"product_cat","embeddable":true,"href":"https:\/\/www.anesilab.com\/es\/wp-json\/wp\/v2\/product_cat?post=5041"},{"taxonomy":"product_tag","embeddable":true,"href":"https:\/\/www.anesilab.com\/es\/wp-json\/wp\/v2\/product_tag?post=5041"}],"curies":[{"name":"wp","href":"https:\/\/api.w.org\/{rel}","templated":true}]}}