{"id":4030,"date":"2024-04-01T10:27:26","date_gmt":"2024-04-01T08:27:26","guid":{"rendered":"https:\/\/www.anesilab.com\/product\/pep-tenz-eye-cream\/"},"modified":"2025-03-20T11:59:27","modified_gmt":"2025-03-20T10:59:27","slug":"pep-tenz-eye-cream","status":"publish","type":"product","link":"https:\/\/www.anesilab.com\/es\/product\/pep-tenz-eye-cream\/","title":{"rendered":"Pep-Tenz Eye Cream"},"content":{"rendered":"[vc_row type=\u00bbin_container\u00bb full_screen_row_position=\u00bbmiddle\u00bb column_margin=\u00bbdefault\u00bb column_direction=\u00bbdefault\u00bb column_direction_tablet=\u00bbdefault\u00bb column_direction_phone=\u00bbdefault\u00bb scene_position=\u00bbcenter\u00bb text_color=\u00bbdark\u00bb text_align=\u00bbleft\u00bb row_border_radius=\u00bbnone\u00bb row_border_radius_applies=\u00bbbg\u00bb overflow=\u00bbvisible\u00bb overlay_strength=\u00bb0.3&#8243; gradient_direction=\u00bbleft_to_right\u00bb shape_divider_position=\u00bbbottom\u00bb bg_image_animation=\u00bbnone\u00bb gradient_type=\u00bbdefault\u00bb shape_type=\u00bb\u00bb][vc_column column_padding=\u00bbno-extra-padding\u00bb column_padding_tablet=\u00bbinherit\u00bb column_padding_phone=\u00bbinherit\u00bb column_padding_position=\u00bball\u00bb column_element_direction_desktop=\u00bbdefault\u00bb column_element_spacing=\u00bbdefault\u00bb desktop_text_alignment=\u00bbcenter\u00bb tablet_text_alignment=\u00bbdefault\u00bb phone_text_alignment=\u00bbdefault\u00bb background_color_opacity=\u00bb1&#8243; background_hover_color_opacity=\u00bb1&#8243; column_backdrop_filter=\u00bbnone\u00bb column_shadow=\u00bbnone\u00bb column_border_radius=\u00bbnone\u00bb column_link_target=\u00bb_self\u00bb column_position=\u00bbdefault\u00bb gradient_direction=\u00bbleft_to_right\u00bb overlay_strength=\u00bb0.3&#8243; width=\u00bb1\/1&#8243; tablet_width_inherit=\u00bbdefault\u00bb animation_type=\u00bbdefault\u00bb bg_image_animation=\u00bbnone\u00bb border_type=\u00bbsimple\u00bb column_border_width=\u00bbnone\u00bb column_border_style=\u00bbsolid\u00bb column_padding_type=\u00bbdefault\u00bb gradient_type=\u00bbdefault\u00bb][tabbed_section style=\u00bbmaterial\u00bb tab_change_animation=\u00bbfade\u00bb alignment=\u00bbcenter\u00bb spacing=\u00bbside-20px\u00bb tab_color=\u00bbAccent-Color\u00bb vs_content_animation=\u00bbfade\u00bb vs_link_animation=\u00bbopacity\u00bb vs_navigation_alignment=\u00bbleft\u00bb vs_navigation_width_2=\u00bb25%\u00bb vs_navigation_func=\u00bbdefault\u00bb vs_navigation_width=\u00bbregular\u00bb vs_navigation_spacing=\u00bb15px\u00bb vs_navigation_mobile_display=\u00bbvisible\u00bb vs_tab_spacing=\u00bb5%\u00bb icon_size=\u00bb24&#8243; el_class=\u00bbtabs-bene-ingre-recyc\u00bb][tab icon_family=\u00bbnone\u00bb title=\u00bbBENEFICIOS\u00bb id=\u00bb1713266165313-4&#8243; tab_id=\u00bb1713266165314-0&#8243;][vc_column_text text_direction=\u00bbdefault\u00bb]\n<ul>\n<li>Todo tipo de piel.<\/li>\n<li>Reafirma y tensa el contorno de ojos.<\/li>\n<li>Reduce las l\u00edneas de expresi\u00f3n y las arrugas.<\/li>\n<\/ul>\n[\/vc_column_text][\/tab][tab icon_family=\u00bbnone\u00bb title=\u00bbINGREDIENTES CLAVES\u00bb id=\u00bb1713265919545-10&#8243; tab_id=\u00bb1713265919546-5&#8243;][vc_column_text text_direction=\u00bbdefault\u00bb]Escualeno: Aceite nutritivo que hidrata y refuerza la delicada barrera cut\u00e1nea. <br \/>Extracto de brotes de Haya: Rico en antioxidantes, nutrientes y p\u00e9ptidos para ayudar a construir col\u00e1geno, mejorar la elastina y reparar la barrera cut\u00e1nea. <br \/>Extracto de Flor de Cal\u00e9ndula: Rico en oligosac\u00e1ridos para recuperar la vitalidad, firmeza y elasticidad. <br \/>Prote\u00ednas hidrolizadas de Soja y Levadura: Prote\u00ednas vegetales que ayudan a proteger de los factores epigen\u00e9ticos del envejecimiento y a mantener la integridad del ADN para promover funciones celulares saludables. <br \/>Aceite de Rosa Mosqueta: Rico en \u00e1cidos grasos esenciales, reparadores y nutritivos.[\/vc_column_text][\/tab][\/tabbed_section][\/vc_column][\/vc_row]\n","protected":false},"excerpt":{"rendered":"<p>Crema para el contorno de ojos, nutritiva y sedosa, con p\u00e9ptidos reafirmantes y prote\u00ednas vegetales epigen\u00e9ticas que act\u00faan sobre las arrugas y refuerzan la elasticidad de la piel para una mirada m\u00e1s joven. <br \/>Su textura suave y sedosa de r\u00e1pida absorci\u00f3n la hace adecuada antes de la aplicaci\u00f3n del maquillaje. <\/p>\n<hr>\n<p>Tubo : 15 ml<\/p>\n<hr>\n","protected":false},"featured_media":3906,"template":"","meta":{"_acf_changed":false},"product_brand":[],"product_cat":[106,140,139,102],"product_tag":[],"class_list":{"0":"post-4030","1":"product","2":"type-product","3":"status-publish","4":"has-post-thumbnail","6":"product_cat-contorno-de-ojos","7":"product_cat-cuidado-contorno-de-ojos","8":"product_cat-cuidado-en-casa","9":"product_cat-mas-vendidos","11":"first","12":"instock","13":"shipping-taxable","14":"product-type-simple"},"acf":[],"_links":{"self":[{"href":"https:\/\/www.anesilab.com\/es\/wp-json\/wp\/v2\/product\/4030","targetHints":{"allow":["GET"]}}],"collection":[{"href":"https:\/\/www.anesilab.com\/es\/wp-json\/wp\/v2\/product"}],"about":[{"href":"https:\/\/www.anesilab.com\/es\/wp-json\/wp\/v2\/types\/product"}],"wp:featuredmedia":[{"embeddable":true,"href":"https:\/\/www.anesilab.com\/es\/wp-json\/wp\/v2\/media\/3906"}],"wp:attachment":[{"href":"https:\/\/www.anesilab.com\/es\/wp-json\/wp\/v2\/media?parent=4030"}],"wp:term":[{"taxonomy":"product_brand","embeddable":true,"href":"https:\/\/www.anesilab.com\/es\/wp-json\/wp\/v2\/product_brand?post=4030"},{"taxonomy":"product_cat","embeddable":true,"href":"https:\/\/www.anesilab.com\/es\/wp-json\/wp\/v2\/product_cat?post=4030"},{"taxonomy":"product_tag","embeddable":true,"href":"https:\/\/www.anesilab.com\/es\/wp-json\/wp\/v2\/product_tag?post=4030"}],"curies":[{"name":"wp","href":"https:\/\/api.w.org\/{rel}","templated":true}]}}